{"id":11220,"date":"2021-10-23T11:54:00","date_gmt":"2021-10-23T09:54:00","guid":{"rendered":"https:\/\/hotel-roys-versailles.test7.eu\/mentions-legales\/"},"modified":"2024-11-18T13:35:32","modified_gmt":"2024-11-18T12:35:32","slug":"impressum","status":"publish","type":"page","link":"https:\/\/www.hotel-roys-versailles.com\/de\/impressum\/","title":{"rendered":"Impressum"},"content":{"rendered":"\t\t<div data-elementor-type=\"wp-page\" data-elementor-id=\"11220\" class=\"elementor elementor-11220 elementor-3\" data-elementor-post-type=\"page\">\n\t\t\t\t\t\t<section data-dce-background-overlay-color=\"#000000\" data-dce-background-image-url=\"https:\/\/www.hotel-roys-versailles.com\/wp-content\/uploads\/roys-versailles\/chambres\/superieure-quadruple\/hotel-des-roys-versailles-superieure-quadruple-lit.webp\" class=\"elementor-section elementor-top-section elementor-element elementor-element-d91be50 elementor-section-height-min-height elementor-section-boxed elementor-section-height-default elementor-section-items-middle\" data-id=\"d91be50\" data-element_type=\"section\" data-e-type=\"section\" data-settings=\"{&quot;background_background&quot;:&quot;classic&quot;}\">\n\t\t\t\t\t\t\t<div class=\" elementor-background-overlay lazyelementorbackgroundimages \"><\/div>\n\t\t\t\t\t\t\t<div class=\"elementor-container elementor-column-gap-default\">\n\t\t\t\t\t<div class=\"elementor-column elementor-col-100 elementor-top-column elementor-element elementor-element-c8000e7\" data-id=\"c8000e7\" data-element_type=\"column\" data-e-type=\"column\">\n\t\t\t<div class=\"elementor-widget-wrap elementor-element-populated\">\n\t\t\t\t\t\t<div class=\"elementor-element elementor-element-3de8918 elementor-widget elementor-widget-heading\" data-id=\"3de8918\" data-element_type=\"widget\" data-e-type=\"widget\" data-widget_type=\"heading.default\">\n\t\t\t\t<div class=\"elementor-widget-container\">\n\t\t\t\t\t<h1 class=\"elementor-heading-title elementor-size-default\">Impressum<\/h1>\t\t\t\t<\/div>\n\t\t\t\t<\/div>\n\t\t\t\t\t<\/div>\n\t\t<\/div>\n\t\t\t\t\t<\/div>\n\t\t<\/section>\n\t\t\t\t<section class=\"elementor-section elementor-top-section elementor-element elementor-element-31a97493 elementor-section-boxed elementor-section-height-default elementor-section-height-default\" data-id=\"31a97493\" data-element_type=\"section\" data-e-type=\"section\">\n\t\t\t\t\t\t<div class=\"elementor-container elementor-column-gap-default\">\n\t\t\t\t\t<div class=\"elementor-column elementor-col-100 elementor-top-column elementor-element elementor-element-73a6e69a\" data-id=\"73a6e69a\" data-element_type=\"column\" data-e-type=\"column\">\n\t\t\t<div class=\"elementor-widget-wrap elementor-element-populated\">\n\t\t\t\t\t\t<div class=\"elementor-element elementor-element-8ecb7f7 elementor-widget elementor-widget-text-editor\" data-id=\"8ecb7f7\" data-element_type=\"widget\" data-e-type=\"widget\" id=\"title-contenu\" data-widget_type=\"text-editor.default\">\n\t\t\t\t<div class=\"elementor-widget-container\">\n\t\t\t\t\t\t\t\t\t<h2>Angaben zum Herausgeber der Website<\/h2>\n<strong>Firma: <\/strong>SAS Paris Hotel\n<strong>Hauptsitz: <\/strong>14, Avenue de Paris 06300 78000 Versailles \u2013 Frankreich\n<strong>Telefon: <\/strong>+33(0)1 39 50 56 00\n<strong>E-Mail-Adresse: <\/strong>contact@hotel-roys-versailles.com\n<strong>SIRET: <\/strong>30404607100011\n<strong>Stammkapital: <\/strong>198.000,00 \u20ac\n<strong>Umsatzsteuer-Identifikationsnummer (VAT): <\/strong>FR 83304046071\n<strong>Verantwortliche\/r f\u00fcr die Ver\u00f6ffentlichung: <\/strong>Mme Laurence Guilloux\n<strong>Rechtsvertreter\/in: <\/strong>Mme Laurence Guilloux\n<h2>Website-Design, -Verwaltung und -Hosting<\/h2>\n<b>Firma: <\/b><span style=\"color: #518e96;\"><a style=\"color: #518e96;\" title=\"Hotel-Webseitenerstellung in Frankreich\" href=\"https:\/\/www.mixit7.com\/\" target=\"_blank\" rel=\"noopener\">Mixit7 &#8211; Webagentur<\/a><\/span>\n<strong><strong>Hauptsitz: <\/strong><\/strong>34 Avenue des Champs Elys\u00e9es, 75008 Paris, Frankreich\n<b>SIREN: <\/b>842 652 547\n<strong><strong>Telefon: <\/strong><\/strong>+33 1 85 80 11 11\n<strong><strong>E-Mail-Adresse: <\/strong><\/strong>hello@mixit7.com\n<b>Website: <\/b><span style=\"color: #518e96;\"><a style=\"color: #518e96;\" title=\"Hotel-Webseitenerstellung Paris\" href=\"https:\/\/www.mixit7.com\" target=\"_blank\" rel=\"noopener\">www.mixit7.com<\/a><\/span>\n<h2>Redaktionelle Inhalte<\/h2>\nDie Website bietet redaktionelle Inhalte (Hotel, Zimmer&#8230;) ausschlie\u00dflich zu dokumentarischen und informativen Zwecken an. Diese Inhalte sollten als Denkansto\u00df betrachtet werden. Die Nutzer werden vom Herausgeber dazu eingeladen, diese Informationen mit kritischem Verstand und Umsicht zu nutzen.\n<h2>Hypertext-Links zu Websites Dritter<\/h2>\nDie Website enth\u00e4lt Hypertext-Links zu von Dritten ver\u00f6ffentlichten Internetseiten. Die Einrichtung dieser Links bedeutet nicht, dass der Herausgeber den Inhalt dieser Websites billigt. Der Herausgeber kann den Inhalt der genannten Websites nicht dauerhaft kontrollieren und kann daher nicht garantieren: die Genauigkeit, Zuverl\u00e4ssigkeit, Relevanz, Aktualit\u00e4t oder Vollst\u00e4ndigkeit ihres Inhalts; den Zugang und die ordnungsgem\u00e4\u00dfe technische Funktion. Folglich kann der Herausgeber nicht f\u00fcr eventuelle Streitigkeiten zwischen einer auf der Website referenzierten Website und einem Nutzer haftbar gemacht werden. Die Verantwortung liegt allein bei den Betreibern der auf der Website referenzierten Websites.\n<h2>Geistiges Eigentum<\/h2>\nDie Website des Hotels und alle ihre Bestandteile sind das ausschlie\u00dfliche Eigentum des Hotels. Jegliche Vervielf\u00e4ltigung oder Darstellung der gesamten Website oder eines ihrer Bestandteile ist ohne vorherige Genehmigung des Hotels untersagt. Ebenso sind die auf der Website des Hotels erscheinenden Marken und Domainnamen das ausschlie\u00dfliche Eigentum des Hotels. Jegliche Vervielf\u00e4ltigung oder Nutzung dieser Marken oder Domainnamen in irgendeiner Weise und zu irgendeinem Zweck ist ohne vorherige Genehmigung untersagt. Ein Hypertext-Link zur Website des Hotels darf nur mit vorheriger schriftlicher Genehmigung des Hotels eingerichtet werden. Das Hotel lehnt jegliche Verantwortung f\u00fcr den Inhalt von Websites ab, die \u00fcber einen Hypertext-Link mit der Website des Hotels verbunden sein k\u00f6nnen.\n<h2>Sicherheit der Austausche<\/h2>\nDer Herausgeber verpflichtet sich, alle gesetzlichen und technischen Ma\u00dfnahmen zur Sicherung der Austausche zu ergreifen. Der Herausgeber verpflichtet sich, sein Bestes zu tun, um Datendiebstahl zu blockieren und die geltenden Vorschriften einzuhalten. Die Nutzer der Website sind sich jedoch der technischen Eigenschaften des Internetnetzwerks und der damit verbundenen Risiken bewusst. Der Herausgeber kann daher den Nutzern nicht garantieren, dass die \u00fcber die von der Website angebotenen Dienste ausgetauschten Daten nicht von Dritten betr\u00fcgerisch erfasst werden.\n<h2>Verf\u00fcgbarkeit der Dienste<\/h2>\nDer Herausgeber hat eine Verpflichtung zur Bereitstellung von Mitteln in Bezug auf die Zug\u00e4nglichkeit der Dienste und stellt die notwendigen Strukturen bereit, um die Website 7 Tage die Woche und 24 Stunden am Tag zug\u00e4nglich zu machen. Der Herausgeber kann jedoch den Zugriff ohne vorherige Ank\u00fcndigung vor\u00fcbergehend aussetzen, insbesondere f\u00fcr Wartungs- und Aktualisierungsarbeiten. Der Herausgeber haftet in keiner Weise f\u00fcr Sch\u00e4den, die dem Nutzer oder einem Dritten entstehen k\u00f6nnten. Der Herausgeber kann jederzeit alle oder einen Teil seiner Dienste l\u00f6schen oder deren Inhalt \u00e4ndern, insbesondere aus technischen Gr\u00fcnden, ohne vorherige Ank\u00fcndigung. Der Herausgeber beh\u00e4lt sich das Recht vor, einem Nutzer jederzeit und ohne vorherige Ank\u00fcndigung den Zugang zu einem Teil oder der gesamten Website zu verweigern. Eine solche Entscheidung kann insbesondere im Falle einer Nichtbeachtung der Bedingungen dieses Textes durch einen Nutzer getroffen werden.\n<h2>Datenerfassung:<\/h2>\nUm die bestellten Dienste durchzuf\u00fchren, kann das Hotel Ihre pers\u00f6nlichen Daten erfassen. Sie haben das Recht, auf Ihre pers\u00f6nlichen Daten zuzugreifen, sie zu \u00e4ndern, zu l\u00f6schen und der Verarbeitung Ihrer pers\u00f6nlichen Daten sowie deren Verwendung zu Werbezwecken zu widersprechen. Fragen zu diesem Thema sowie die Rechte auf Widerspruch, Zugang, Berichtigung und L\u00f6schung in Bezug auf diese Informationen k\u00f6nnen beim Hotel geltend gemacht werden.\n\n<h2>Opposition gegen Telefonwerbung<\/h2>\nGem\u00e4\u00df <strong>Artikel L.223-1 des Verbraucherschutzgesetzes<\/strong> hat jeder Verbraucher die M\u00f6glichkeit, sich kostenlos in die BLOCTEL-Liste zur Verhinderung von Telefonwerbung einzutragen.\nF\u00fcr weitere Informationen oder um sich einzutragen, besuchen Sie bitte die offizielle Website: <a href=\"https:\/\/www.bloctel.gouv.fr\" target=\"_blank\" rel=\"noopener\">www.bloctel.gouv.fr<\/a>.\nFalls Ihre Telefonnummer im Rahmen unserer Aktivit\u00e4ten gesammelt wird, werden Sie \u00fcber Ihr Recht informiert, sich gegen jegliche Telefonwerbung zu wehren, indem Sie sich in diese Liste eintragen lassen.\n\n<h2>Datenschutzrichtlinie:<\/h2>\nDie Nutzer werden gebeten, die Seite &#8222;Datenschutzrichtlinie&#8220; zu konsultieren <span style=\"color: #518e96;\"><a style=\"color: #518e96;\" href=\"https:\/\/www.hotel-roys-versailles.com\/en\/privacy-policy\">(&#8222;Datenschutzrichtlinie&#8220;)<\/a>.<\/span>\nFragen zu diesem Thema sowie die Rechte auf Widerspruch, Zugang, Berichtigung und L\u00f6schung in Bezug auf diese Informationen k\u00f6nnen an folgende Adresse gerichtet werden:\n<strong>H\u00f4tel Des Roys Versailles, 14, Avenue de Paris 78000 Versailles \u2013 Frankreich.<\/strong>\n<strong>Telefon:<\/strong> +33(0)1 39 50 56 00\n<strong>E-Mail-Adresse:<\/strong> <span style=\"color: #518e96;\"><a style=\"color: #518e96;\" href=\"mailto:contact@hotel-roys-versailles.com\">contact@hotel-roys-versailles.com<\/a><\/span>\n<h2>Anwendbares Recht<\/h2>\nDieser Text unterliegt franz\u00f6sischem Recht. Der Herausgeber beh\u00e4lt sich das Recht vor, die Bedingungen, Konditionen und Haftungsausschl\u00fcsse jederzeit zu \u00e4ndern.\t\t\t\t\t\t\t\t<\/div>\n\t\t\t\t<\/div>\n\t\t\t\t\t<\/div>\n\t\t<\/div>\n\t\t\t\t\t<\/div>\n\t\t<\/section>\n\t\t\t\t<\/div>\n\t\t","protected":false},"excerpt":{"rendered":"<p>Impressum Angaben zum Herausgeber der Website Firma: SAS Paris Hotel Hauptsitz: 14, Avenue de Paris 06300 78000 Versailles \u2013 Frankreich Telefon: +33(0)1 39 50 56 00 E-Mail-Adresse: contact@hotel-roys-versailles.com SIRET: 30404607100011 Stammkapital: 198.000,00 \u20ac Umsatzsteuer-Identifikationsnummer (VAT): FR 83304046071 Verantwortliche\/r f\u00fcr die Ver\u00f6ffentlichung: Mme Laurence Guilloux Rechtsvertreter\/in: Mme Laurence Guilloux Website-Design, -Verwaltung und -Hosting Firma: Mixit7 &#8211; [&hellip;]<\/p>\n","protected":false},"author":1,"featured_media":0,"parent":0,"menu_order":0,"comment_status":"closed","ping_status":"closed","template":"","meta":{"_acf_changed":false,"footnotes":""},"class_list":["post-11220","page","type-page","status-publish","hentry"],"acf":[],"_links":{"self":[{"href":"https:\/\/www.hotel-roys-versailles.com\/de\/wp-json\/wp\/v2\/pages\/11220","targetHints":{"allow":["GET"]}}],"collection":[{"href":"https:\/\/www.hotel-roys-versailles.com\/de\/wp-json\/wp\/v2\/pages"}],"about":[{"href":"https:\/\/www.hotel-roys-versailles.com\/de\/wp-json\/wp\/v2\/types\/page"}],"author":[{"embeddable":true,"href":"https:\/\/www.hotel-roys-versailles.com\/de\/wp-json\/wp\/v2\/users\/1"}],"replies":[{"embeddable":true,"href":"https:\/\/www.hotel-roys-versailles.com\/de\/wp-json\/wp\/v2\/comments?post=11220"}],"version-history":[{"count":9,"href":"https:\/\/www.hotel-roys-versailles.com\/de\/wp-json\/wp\/v2\/pages\/11220\/revisions"}],"predecessor-version":[{"id":13631,"href":"https:\/\/www.hotel-roys-versailles.com\/de\/wp-json\/wp\/v2\/pages\/11220\/revisions\/13631"}],"wp:attachment":[{"href":"https:\/\/www.hotel-roys-versailles.com\/de\/wp-json\/wp\/v2\/media?parent=11220"}],"curies":[{"name":"wp","href":"https:\/\/api.w.org\/{rel}","templated":true}]}}