{"id":15774,"date":"2025-07-21T18:15:43","date_gmt":"2025-07-21T16:15:43","guid":{"rendered":"https:\/\/www.hotel-roys-versailles.com\/blog\/"},"modified":"2026-05-05T18:41:37","modified_gmt":"2026-05-05T16:41:37","slug":"blog","status":"publish","type":"page","link":"https:\/\/www.hotel-roys-versailles.com\/de\/blog\/","title":{"rendered":"Blog"},"content":{"rendered":"\t\t<div data-elementor-type=\"wp-page\" data-elementor-id=\"15774\" class=\"elementor elementor-15774 elementor-14153\" data-elementor-post-type=\"page\">\n\t\t\t\t\t\t<section data-dce-background-overlay-color=\"#000000\" data-dce-background-image-url=\"https:\/\/www.hotel-roys-versailles.com\/wp-content\/uploads\/roys-versailles\/gallerie\/hotel-des-roys-versailles-terrasse.webp\" class=\"elementor-section elementor-top-section elementor-element elementor-element-bd7e094 elementor-section-height-min-height elementor-section-boxed elementor-section-height-default elementor-section-items-middle\" data-id=\"bd7e094\" data-element_type=\"section\" data-e-type=\"section\" data-settings=\"{&quot;background_background&quot;:&quot;classic&quot;}\">\n\t\t\t\t\t\t\t<div class=\" elementor-background-overlay lazyelementorbackgroundimages \"><\/div>\n\t\t\t\t\t\t\t<div class=\"elementor-container elementor-column-gap-default\">\n\t\t\t\t\t<div class=\"elementor-column elementor-col-100 elementor-top-column elementor-element elementor-element-faebcf8\" data-id=\"faebcf8\" data-element_type=\"column\" data-e-type=\"column\">\n\t\t\t<div class=\"elementor-widget-wrap elementor-element-populated\">\n\t\t\t\t\t\t<div class=\"elementor-element elementor-element-8d846b9 elementor-widget elementor-widget-heading\" data-id=\"8d846b9\" data-element_type=\"widget\" data-e-type=\"widget\" data-widget_type=\"heading.default\">\n\t\t\t\t<div class=\"elementor-widget-container\">\n\t\t\t\t\t<span class=\"elementor-heading-title elementor-size-default\">Blog<\/span>\t\t\t\t<\/div>\n\t\t\t\t<\/div>\n\t\t\t\t\t<\/div>\n\t\t<\/div>\n\t\t\t\t\t<\/div>\n\t\t<\/section>\n\t\t\t\t<section class=\"elementor-section elementor-top-section elementor-element elementor-element-2643ff4 elementor-section-boxed elementor-section-height-default elementor-section-height-default\" data-id=\"2643ff4\" data-element_type=\"section\" data-e-type=\"section\" data-settings=\"{&quot;background_background&quot;:&quot;classic&quot;}\">\n\t\t\t\t\t\t<div class=\"elementor-container elementor-column-gap-default\">\n\t\t\t\t\t<div class=\"elementor-column elementor-col-100 elementor-top-column elementor-element elementor-element-79323ea\" data-id=\"79323ea\" data-element_type=\"column\" data-e-type=\"column\" data-settings=\"{&quot;background_background&quot;:&quot;classic&quot;}\">\n\t\t\t<div class=\"elementor-widget-wrap elementor-element-populated\">\n\t\t\t\t\t\t<div class=\"elementor-element elementor-element-3715892 elementor-widget__width-initial elementor-widget elementor-widget-heading\" data-id=\"3715892\" data-element_type=\"widget\" data-e-type=\"widget\" data-widget_type=\"heading.default\">\n\t\t\t\t<div class=\"elementor-widget-container\">\n\t\t\t\t\t<h1 class=\"elementor-heading-title elementor-size-default\">Blog des H\u00f4tel des Roys \u2013 Ratschl\u00e4ge, Neuigkeiten &amp; Geheimtipps f\u00fcr Versailles<\/h1>\t\t\t\t<\/div>\n\t\t\t\t<\/div>\n\t\t\t\t<div class=\"elementor-element elementor-element-5022a0d elementor-widget-divider--view-line elementor-widget elementor-widget-divider\" data-id=\"5022a0d\" data-element_type=\"widget\" data-e-type=\"widget\" data-widget_type=\"divider.default\">\n\t\t\t\t<div class=\"elementor-widget-container\">\n\t\t\t\t\t\t\t<div class=\"elementor-divider\">\n\t\t\t<span class=\"elementor-divider-separator\">\n\t\t\t\t\t\t<\/span>\n\t\t<\/div>\n\t\t\t\t\t\t<\/div>\n\t\t\t\t<\/div>\n\t\t\t\t<div class=\"elementor-element elementor-element-56c9157 elementor-widget elementor-widget-text-editor\" data-id=\"56c9157\" data-element_type=\"widget\" data-e-type=\"widget\" data-widget_type=\"text-editor.default\">\n\t\t\t\t<div class=\"elementor-widget-container\">\n\t\t\t\t\t\t\t\t\t<p>Willkommen auf dem Blog des H\u00f4tel des Roys in Versailles. Entdecken Sie unsere Neuigkeiten, Reisetipps, Top-Events und exklusive Empfehlungen, um das Beste aus Ihrem Aufenthalt herauszuholen. Ob mit Familie, Partnern oder gesch\u00e4ftlich \u2013 wir helfen Ihnen, Versailles von seiner sch\u00f6nsten Seite zu entdecken.<\/p>\t\t\t\t\t\t\t\t<\/div>\n\t\t\t\t<\/div>\n\t\t\t\t<div class=\"elementor-element elementor-element-ecbf852 elementor-widget elementor-widget-heading\" data-id=\"ecbf852\" data-element_type=\"widget\" data-e-type=\"widget\" data-widget_type=\"heading.default\">\n\t\t\t\t<div class=\"elementor-widget-container\">\n\t\t\t\t\t<h2 class=\"elementor-heading-title elementor-size-default\">Aktuelle Artikel<\/h2>\t\t\t\t<\/div>\n\t\t\t\t<\/div>\n\t\t\t\t<div class=\"elementor-element elementor-element-00997ab elementor-grid-2 elementor-grid-tablet-1 elementor-posts--thumbnail-top elementor-grid-mobile-1 elementor-widget elementor-widget-posts\" data-id=\"00997ab\" data-element_type=\"widget\" data-e-type=\"widget\" data-settings=\"{&quot;custom_columns&quot;:&quot;2&quot;,&quot;custom_columns_tablet&quot;:&quot;1&quot;,&quot;custom_columns_mobile&quot;:&quot;1&quot;,&quot;custom_row_gap&quot;:{&quot;unit&quot;:&quot;px&quot;,&quot;size&quot;:35,&quot;sizes&quot;:[]},&quot;custom_row_gap_tablet&quot;:{&quot;unit&quot;:&quot;px&quot;,&quot;size&quot;:&quot;&quot;,&quot;sizes&quot;:[]},&quot;custom_row_gap_mobile&quot;:{&quot;unit&quot;:&quot;px&quot;,&quot;size&quot;:&quot;&quot;,&quot;sizes&quot;:[]}}\" data-widget_type=\"posts.custom\">\n\t\t\t\t<div class=\"elementor-widget-container\">\n\t\t\t\t\t      <div class=\"ecs-posts elementor-posts-container elementor-posts   elementor-grid elementor-posts--skin-custom\" data-settings=\"{&quot;current_page&quot;:1,&quot;max_num_pages&quot;:0,&quot;load_method&quot;:&quot;&quot;,&quot;widget_id&quot;:&quot;00997ab&quot;,&quot;post_id&quot;:15774,&quot;theme_id&quot;:15774,&quot;change_url&quot;:false,&quot;reinit_js&quot;:false}\">\n      <div class=\"elementor-posts-nothing-found\"><\/div>\t\t<\/div>\n\t\t\t\t\t\t<\/div>\n\t\t\t\t<\/div>\n\t\t\t\t\t<\/div>\n\t\t<\/div>\n\t\t\t\t\t<\/div>\n\t\t<\/section>\n\t\t\t\t<\/div>\n\t\t","protected":false},"excerpt":{"rendered":"<p>Blog des H\u00f4tel des Roys \u2013 Ratschl\u00e4ge, Neuigkeiten &amp; Geheimtipps f\u00fcr Versailles Willkommen auf dem Blog des H\u00f4tel des Roys in Versailles. Entdecken Sie unsere Neuigkeiten, Reisetipps, Top-Events und exklusive Empfehlungen, um das Beste aus Ihrem Aufenthalt herauszuholen. Ob mit Familie, Partnern oder gesch\u00e4ftlich \u2013 wir helfen Ihnen, Versailles von seiner sch\u00f6nsten Seite zu entdecken. [&hellip;]<\/p>\n","protected":false},"author":8,"featured_media":0,"parent":0,"menu_order":0,"comment_status":"closed","ping_status":"closed","template":"","meta":{"_acf_changed":false,"footnotes":""},"class_list":["post-15774","page","type-page","status-publish","hentry"],"acf":[],"_links":{"self":[{"href":"https:\/\/www.hotel-roys-versailles.com\/de\/wp-json\/wp\/v2\/pages\/15774","targetHints":{"allow":["GET"]}}],"collection":[{"href":"https:\/\/www.hotel-roys-versailles.com\/de\/wp-json\/wp\/v2\/pages"}],"about":[{"href":"https:\/\/www.hotel-roys-versailles.com\/de\/wp-json\/wp\/v2\/types\/page"}],"author":[{"embeddable":true,"href":"https:\/\/www.hotel-roys-versailles.com\/de\/wp-json\/wp\/v2\/users\/8"}],"replies":[{"embeddable":true,"href":"https:\/\/www.hotel-roys-versailles.com\/de\/wp-json\/wp\/v2\/comments?post=15774"}],"version-history":[{"count":5,"href":"https:\/\/www.hotel-roys-versailles.com\/de\/wp-json\/wp\/v2\/pages\/15774\/revisions"}],"predecessor-version":[{"id":15786,"href":"https:\/\/www.hotel-roys-versailles.com\/de\/wp-json\/wp\/v2\/pages\/15774\/revisions\/15786"}],"wp:attachment":[{"href":"https:\/\/www.hotel-roys-versailles.com\/de\/wp-json\/wp\/v2\/media?parent=15774"}],"curies":[{"name":"wp","href":"https:\/\/api.w.org\/{rel}","templated":true}]}}